{"id":189,"date":"2017-03-31T19:00:37","date_gmt":"2017-03-31T18:00:37","guid":{"rendered":"http:\/\/studio-palenque.com\/SP\/?page_id=189"},"modified":"2022-04-15T14:38:39","modified_gmt":"2022-04-15T13:38:39","slug":"partenaires","status":"publish","type":"page","link":"http:\/\/studio-palenque.com\/SP\/partenaires\/","title":{"rendered":"Partenaires"},"content":{"rendered":"<p style=\"text-align: center;\">\u00a0<\/p>\n<p style=\"text-align: left;\"><strong>LA MUSIOUE EN TOI<\/strong><\/p>\n<p style=\"text-align: left;\">Forte de ses formations et de ses exp\u00e9riences artistiques et ayant travaill\u00e9 avec des noms de la\u00a0chanson fran\u00e7aise.<\/p>\n<ul>\n<li>Cours de chant individuel<\/li>\n<li>Cours de chant collectif<\/li>\n<li>Cours choeurs<\/li>\n<li>Coaching vocal <br \/>(Sc\u00e8ne, studio, pr\u00e9paration concours etc\u2026)<\/li>\n<\/ul>\n<p>\u00ab La Musique en Toi \u00bb saura r\u00e9pondre \u00e0 toutes vos demandes.<br \/>lamusiqueentoi@gmail.com \u2022\u00a006 59 98 77 16<\/p>\n<p><img data-attachment-id=\"24\" data-permalink=\"http:\/\/studio-palenque.com\/SP\/le-studio\/barre\/\" data-orig-file=\"https:\/\/i0.wp.com\/studio-palenque.com\/SP\/wp-content\/uploads\/2015\/10\/Barre.png?fit=435%2C26\" data-orig-size=\"435,26\" data-comments-opened=\"1\" data-image-meta=\"{&quot;aperture&quot;:&quot;0&quot;,&quot;credit&quot;:&quot;&quot;,&quot;camera&quot;:&quot;&quot;,&quot;caption&quot;:&quot;&quot;,&quot;created_timestamp&quot;:&quot;0&quot;,&quot;copyright&quot;:&quot;&quot;,&quot;focal_length&quot;:&quot;0&quot;,&quot;iso&quot;:&quot;0&quot;,&quot;shutter_speed&quot;:&quot;0&quot;,&quot;title&quot;:&quot;&quot;,&quot;orientation&quot;:&quot;0&quot;}\" data-image-title=\"Barre\" data-image-description=\"\" data-image-caption=\"\" data-medium-file=\"https:\/\/i0.wp.com\/studio-palenque.com\/SP\/wp-content\/uploads\/2015\/10\/Barre.png?fit=435%2C26\" data-large-file=\"https:\/\/i0.wp.com\/studio-palenque.com\/SP\/wp-content\/uploads\/2015\/10\/Barre.png?fit=435%2C26\" decoding=\"async\" loading=\"lazy\" class=\"wp-image-24 size-full alignleft\" src=\"https:\/\/i0.wp.com\/studio-palenque.com\/SP\/wp-content\/uploads\/2015\/10\/Barre.png?resize=435%2C26\" alt=\"Barre\" width=\"435\" height=\"26\" data-recalc-dims=\"1\" \/><\/p>\n<p style=\"text-align: left;\">\u00a0<\/p>\n\n\n<div class=\"wp-block-image\"><figure class=\"alignleft size-large is-resized\"><img data-attachment-id=\"351\" data-permalink=\"http:\/\/studio-palenque.com\/SP\/partenaires\/logo-met-1\/\" data-orig-file=\"https:\/\/i0.wp.com\/studio-palenque.com\/SP\/wp-content\/uploads\/2022\/04\/logo-MET-1.jpg?fit=792%2C598\" data-orig-size=\"792,598\" data-comments-opened=\"1\" data-image-meta=\"{&quot;aperture&quot;:&quot;0&quot;,&quot;credit&quot;:&quot;&quot;,&quot;camera&quot;:&quot;&quot;,&quot;caption&quot;:&quot;&quot;,&quot;created_timestamp&quot;:&quot;0&quot;,&quot;copyright&quot;:&quot;&quot;,&quot;focal_length&quot;:&quot;0&quot;,&quot;iso&quot;:&quot;0&quot;,&quot;shutter_speed&quot;:&quot;0&quot;,&quot;title&quot;:&quot;&quot;,&quot;orientation&quot;:&quot;1&quot;}\" data-image-title=\"logo-MET-1\" data-image-description=\"\" data-image-caption=\"\" data-medium-file=\"https:\/\/i0.wp.com\/studio-palenque.com\/SP\/wp-content\/uploads\/2022\/04\/logo-MET-1.jpg?fit=632%2C477\" data-large-file=\"https:\/\/i0.wp.com\/studio-palenque.com\/SP\/wp-content\/uploads\/2022\/04\/logo-MET-1.jpg?fit=792%2C598\" decoding=\"async\" loading=\"lazy\" src=\"https:\/\/i0.wp.com\/studio-palenque.com\/SP\/wp-content\/uploads\/2022\/04\/logo-MET-1.jpg?resize=399%2C300\" alt=\"\" class=\"wp-image-351\" width=\"399\" height=\"300\" srcset=\"https:\/\/i0.wp.com\/studio-palenque.com\/SP\/wp-content\/uploads\/2022\/04\/logo-MET-1.jpg?w=792 792w, https:\/\/i0.wp.com\/studio-palenque.com\/SP\/wp-content\/uploads\/2022\/04\/logo-MET-1.jpg?resize=632%2C477 632w, https:\/\/i0.wp.com\/studio-palenque.com\/SP\/wp-content\/uploads\/2022\/04\/logo-MET-1.jpg?resize=768%2C580 768w\" sizes=\"(max-width: 399px) 100vw, 399px\" data-recalc-dims=\"1\" \/><\/figure><\/div>\n","protected":false},"excerpt":{"rendered":"<p>\u00a0 LA MUSIOUE EN TOI Forte de ses formations et de ses exp\u00e9riences artistiques et ayant travaill\u00e9 avec des noms de la\u00a0chanson fran\u00e7aise. Cours de chant individuel Cours de chant &#8230;<\/p>\n","protected":false},"author":1,"featured_media":0,"parent":0,"menu_order":0,"comment_status":"closed","ping_status":"closed","template":"","meta":{"jetpack_post_was_ever_published":false,"_vp_format_video_url":"","_vp_image_focal_point":[]},"jetpack_sharing_enabled":true,"jetpack_shortlink":"https:\/\/wp.me\/P6T7KL-33","jetpack-related-posts":[{"id":2,"url":"http:\/\/studio-palenque.com\/SP\/le-studio\/","url_meta":{"origin":189,"position":0},"title":"Le Studio","date":"24 octobre 2015","format":false,"excerpt":"Le Studio Palenque Group vous propose de r\u00e9aliser l\u2019Enregistrement, le Mixage et le Mastering de toutes vos productions musicales. Nous proposons \u00e9galement la production ex\u00e9cutive, la direction artistique ainsi que l\u2019organisation de vos s\u00e9minaires. Nous vous accueillerons dans un espace d\u2019\u00e9mergence et de cr\u00e9ativit\u00e9, situ\u00e9 \u00e0 la campagne tout pr\u00e8s\u2026","rel":"","context":"Article similaire","img":{"alt_text":"","src":"","width":0,"height":0},"classes":[]}],"_links":{"self":[{"href":"http:\/\/studio-palenque.com\/SP\/wp-json\/wp\/v2\/pages\/189"}],"collection":[{"href":"http:\/\/studio-palenque.com\/SP\/wp-json\/wp\/v2\/pages"}],"about":[{"href":"http:\/\/studio-palenque.com\/SP\/wp-json\/wp\/v2\/types\/page"}],"author":[{"embeddable":true,"href":"http:\/\/studio-palenque.com\/SP\/wp-json\/wp\/v2\/users\/1"}],"replies":[{"embeddable":true,"href":"http:\/\/studio-palenque.com\/SP\/wp-json\/wp\/v2\/comments?post=189"}],"version-history":[{"count":13,"href":"http:\/\/studio-palenque.com\/SP\/wp-json\/wp\/v2\/pages\/189\/revisions"}],"predecessor-version":[{"id":381,"href":"http:\/\/studio-palenque.com\/SP\/wp-json\/wp\/v2\/pages\/189\/revisions\/381"}],"wp:attachment":[{"href":"http:\/\/studio-palenque.com\/SP\/wp-json\/wp\/v2\/media?parent=189"}],"curies":[{"name":"wp","href":"https:\/\/api.w.org\/{rel}","templated":true}]}}