{"id":414,"date":"2023-01-12T11:46:43","date_gmt":"2023-01-12T10:46:43","guid":{"rendered":"http:\/\/studio-palenque.com\/SP\/?page_id=414"},"modified":"2023-04-27T11:27:36","modified_gmt":"2023-04-27T10:27:36","slug":"artistes","status":"publish","type":"page","link":"http:\/\/studio-palenque.com\/SP\/artistes\/","title":{"rendered":"ARTISTES"},"content":{"rendered":"\n<figure class=\"wp-block-image size-large\"><a href=\"https:\/\/i0.wp.com\/studio-palenque.com\/SP\/wp-content\/uploads\/2023\/04\/Elements-Artistes-2023.png\"><img data-attachment-id=\"458\" data-permalink=\"http:\/\/studio-palenque.com\/SP\/artistes\/elements-artistes-2023\/\" data-orig-file=\"https:\/\/i0.wp.com\/studio-palenque.com\/SP\/wp-content\/uploads\/2023\/04\/Elements-Artistes-2023.png?fit=1511%2C1973\" data-orig-size=\"1511,1973\" data-comments-opened=\"1\" data-image-meta=\"{&quot;aperture&quot;:&quot;0&quot;,&quot;credit&quot;:&quot;&quot;,&quot;camera&quot;:&quot;&quot;,&quot;caption&quot;:&quot;&quot;,&quot;created_timestamp&quot;:&quot;0&quot;,&quot;copyright&quot;:&quot;&quot;,&quot;focal_length&quot;:&quot;0&quot;,&quot;iso&quot;:&quot;0&quot;,&quot;shutter_speed&quot;:&quot;0&quot;,&quot;title&quot;:&quot;&quot;,&quot;orientation&quot;:&quot;0&quot;}\" data-image-title=\"Elements-Artistes-2023\" data-image-description=\"\" data-image-caption=\"\" data-medium-file=\"https:\/\/i0.wp.com\/studio-palenque.com\/SP\/wp-content\/uploads\/2023\/04\/Elements-Artistes-2023.png?fit=632%2C825\" data-large-file=\"https:\/\/i0.wp.com\/studio-palenque.com\/SP\/wp-content\/uploads\/2023\/04\/Elements-Artistes-2023.png?fit=800%2C1045\" decoding=\"async\" loading=\"lazy\" width=\"800\" height=\"1045\" src=\"https:\/\/i0.wp.com\/studio-palenque.com\/SP\/wp-content\/uploads\/2023\/04\/Elements-Artistes-2023.png?resize=800%2C1045\" alt=\"\" class=\"wp-image-458\" srcset=\"https:\/\/i0.wp.com\/studio-palenque.com\/SP\/wp-content\/uploads\/2023\/04\/Elements-Artistes-2023.png?resize=1020%2C1332 1020w, https:\/\/i0.wp.com\/studio-palenque.com\/SP\/wp-content\/uploads\/2023\/04\/Elements-Artistes-2023.png?resize=632%2C825 632w, https:\/\/i0.wp.com\/studio-palenque.com\/SP\/wp-content\/uploads\/2023\/04\/Elements-Artistes-2023.png?resize=768%2C1003 768w, https:\/\/i0.wp.com\/studio-palenque.com\/SP\/wp-content\/uploads\/2023\/04\/Elements-Artistes-2023.png?resize=500%2C653 500w, https:\/\/i0.wp.com\/studio-palenque.com\/SP\/wp-content\/uploads\/2023\/04\/Elements-Artistes-2023.png?resize=800%2C1045 800w, https:\/\/i0.wp.com\/studio-palenque.com\/SP\/wp-content\/uploads\/2023\/04\/Elements-Artistes-2023.png?resize=1280%2C1671 1280w, https:\/\/i0.wp.com\/studio-palenque.com\/SP\/wp-content\/uploads\/2023\/04\/Elements-Artistes-2023.png?resize=1176%2C1536 1176w, https:\/\/i0.wp.com\/studio-palenque.com\/SP\/wp-content\/uploads\/2023\/04\/Elements-Artistes-2023.png?w=1511 1511w\" sizes=\"(max-width: 800px) 100vw, 800px\" data-recalc-dims=\"1\" \/><\/a><\/figure>\n","protected":false},"excerpt":{"rendered":"","protected":false},"author":1,"featured_media":0,"parent":0,"menu_order":0,"comment_status":"closed","ping_status":"closed","template":"","meta":{"jetpack_post_was_ever_published":false,"_vp_format_video_url":"","_vp_image_focal_point":[]},"jetpack_sharing_enabled":true,"jetpack_shortlink":"https:\/\/wp.me\/P6T7KL-6G","jetpack-related-posts":[{"id":7,"url":"http:\/\/studio-palenque.com\/SP\/references\/","url_meta":{"origin":414,"position":0},"title":"R\u00e9f\u00e9rences","date":"24 octobre 2015","format":false,"excerpt":"ARTISTES Les Envahysseurs - Le Rat Luciano - Da Uzi - Aar\u00f4ne Mylane - Yasmine Ammari - Kery James - Tracy - Said (lam) -\u00a0Keblack - Jok'air - Sultan - Hooss - MOH - Says'z - Dibson - Elams - TK -\u00a0Boss One (3\u00b00eil) -\u00a0Kemmler - Malty 2BZ - Chris\u2026","rel":"","context":"Article similaire","img":{"alt_text":"","src":"","width":0,"height":0},"classes":[]}],"_links":{"self":[{"href":"http:\/\/studio-palenque.com\/SP\/wp-json\/wp\/v2\/pages\/414"}],"collection":[{"href":"http:\/\/studio-palenque.com\/SP\/wp-json\/wp\/v2\/pages"}],"about":[{"href":"http:\/\/studio-palenque.com\/SP\/wp-json\/wp\/v2\/types\/page"}],"author":[{"embeddable":true,"href":"http:\/\/studio-palenque.com\/SP\/wp-json\/wp\/v2\/users\/1"}],"replies":[{"embeddable":true,"href":"http:\/\/studio-palenque.com\/SP\/wp-json\/wp\/v2\/comments?post=414"}],"version-history":[{"count":5,"href":"http:\/\/studio-palenque.com\/SP\/wp-json\/wp\/v2\/pages\/414\/revisions"}],"predecessor-version":[{"id":459,"href":"http:\/\/studio-palenque.com\/SP\/wp-json\/wp\/v2\/pages\/414\/revisions\/459"}],"wp:attachment":[{"href":"http:\/\/studio-palenque.com\/SP\/wp-json\/wp\/v2\/media?parent=414"}],"curies":[{"name":"wp","href":"https:\/\/api.w.org\/{rel}","templated":true}]}}