{"id":5,"date":"2015-10-24T19:30:56","date_gmt":"2015-10-24T18:30:56","guid":{"rendered":"http:\/\/studio-palenque.com\/SP\/?page_id=5"},"modified":"2023-01-12T11:42:53","modified_gmt":"2023-01-12T10:42:53","slug":"equipements","status":"publish","type":"page","link":"http:\/\/studio-palenque.com\/SP\/equipements\/","title":{"rendered":"Equipements"},"content":{"rendered":"<p style=\"text-align: center;\"><strong><span style=\"color: #b9914c;\">ENREGISTREMENT \/ MIXAGE<\/span><\/strong><\/p>\n<div class=\"page\" title=\"Page 1\">\n<div class=\"layoutArea\">\n<div class=\"column\">\n<p style=\"text-align: center;\"><span style=\"color: #e8e8e8;\">Pro Tools 12<\/span><br \/>\n<span style=\"color: #e8e8e8;\">Universal Audio Apollo x16<\/span><br \/>\n<span style=\"color: #e8e8e8;\">Universal Audio Apollo x6<\/span><br \/>\n<span style=\"color: #e8e8e8;\">Digidesign Control 24<\/span><br \/>\n<span style=\"color: #e8e8e8;\"><span style=\"font-size: inherit;\">Apple iMac i9<br \/>\n<\/span><span style=\"font-size: inherit;\">Dangerous Music 2 Bus LT<\/span><\/span><\/p>\n<\/div>\n<\/div>\n<\/div>\n<p style=\"text-align: center;\"><img data-attachment-id=\"24\" data-permalink=\"http:\/\/studio-palenque.com\/SP\/le-studio\/barre\/\" data-orig-file=\"https:\/\/i0.wp.com\/studio-palenque.com\/SP\/wp-content\/uploads\/2015\/10\/Barre.png?fit=435%2C26\" data-orig-size=\"435,26\" data-comments-opened=\"1\" data-image-meta=\"{&quot;aperture&quot;:&quot;0&quot;,&quot;credit&quot;:&quot;&quot;,&quot;camera&quot;:&quot;&quot;,&quot;caption&quot;:&quot;&quot;,&quot;created_timestamp&quot;:&quot;0&quot;,&quot;copyright&quot;:&quot;&quot;,&quot;focal_length&quot;:&quot;0&quot;,&quot;iso&quot;:&quot;0&quot;,&quot;shutter_speed&quot;:&quot;0&quot;,&quot;title&quot;:&quot;&quot;,&quot;orientation&quot;:&quot;0&quot;}\" data-image-title=\"Barre\" data-image-description=\"\" data-image-caption=\"\" data-medium-file=\"https:\/\/i0.wp.com\/studio-palenque.com\/SP\/wp-content\/uploads\/2015\/10\/Barre.png?fit=435%2C26\" data-large-file=\"https:\/\/i0.wp.com\/studio-palenque.com\/SP\/wp-content\/uploads\/2015\/10\/Barre.png?fit=435%2C26\" decoding=\"async\" loading=\"lazy\" class=\"alignnone wp-image-24 size-full\" src=\"https:\/\/i0.wp.com\/studio-palenque.com\/SP\/wp-content\/uploads\/2015\/10\/Barre.png?resize=435%2C26\" alt=\"Barre\" width=\"435\" height=\"26\" data-recalc-dims=\"1\" \/><\/p>\n<p style=\"text-align: center;\"><span style=\"color: #b9914c;\"><strong>PREAMPS \/ MICRO<br \/>\n<\/strong><\/span><\/p>\n<div class=\"page\" title=\"Page 1\">\n<div class=\"layoutArea\">\n<div class=\"column\">\n<div class=\"page\" title=\"Page 1\">\n<div class=\"layoutArea\">\n<div class=\"column\">\n<p style=\"text-align: center;\"><span style=\"color: #e8e8e8;\">Universal Audio Apollo x6<\/span><br \/>\n<span style=\"color: #e8e8e8;\">Neve 1073 Unison<\/span><br \/>\n<span style=\"color: #e8e8e8;\"><span style=\"font-size: inherit;\">API Vision Channel Strip Unison<br \/>\n<\/span><span style=\"font-size: inherit;\">Manley VOXBOX Chanel Strip Unison<br \/>\n<\/span><span style=\"font-size: inherit;\">UA610 Tube Unison<br \/>\n<\/span><span style=\"font-size: inherit;\">Rane HC6<br \/>\n<\/span><span style=\"font-size: inherit;\">Neumann U87 Al<br \/>\n<\/span><span style=\"font-size: inherit;\">Shure SM58<\/span><\/span><\/p>\n<\/div>\n<\/div>\n<\/div>\n<\/div>\n<\/div>\n<\/div>\n<p style=\"text-align: center;\"><img data-attachment-id=\"24\" data-permalink=\"http:\/\/studio-palenque.com\/SP\/le-studio\/barre\/\" data-orig-file=\"https:\/\/i0.wp.com\/studio-palenque.com\/SP\/wp-content\/uploads\/2015\/10\/Barre.png?fit=435%2C26\" data-orig-size=\"435,26\" data-comments-opened=\"1\" data-image-meta=\"{&quot;aperture&quot;:&quot;0&quot;,&quot;credit&quot;:&quot;&quot;,&quot;camera&quot;:&quot;&quot;,&quot;caption&quot;:&quot;&quot;,&quot;created_timestamp&quot;:&quot;0&quot;,&quot;copyright&quot;:&quot;&quot;,&quot;focal_length&quot;:&quot;0&quot;,&quot;iso&quot;:&quot;0&quot;,&quot;shutter_speed&quot;:&quot;0&quot;,&quot;title&quot;:&quot;&quot;,&quot;orientation&quot;:&quot;0&quot;}\" data-image-title=\"Barre\" data-image-description=\"\" data-image-caption=\"\" data-medium-file=\"https:\/\/i0.wp.com\/studio-palenque.com\/SP\/wp-content\/uploads\/2015\/10\/Barre.png?fit=435%2C26\" data-large-file=\"https:\/\/i0.wp.com\/studio-palenque.com\/SP\/wp-content\/uploads\/2015\/10\/Barre.png?fit=435%2C26\" decoding=\"async\" loading=\"lazy\" class=\"alignnone wp-image-24 size-full\" src=\"https:\/\/i0.wp.com\/studio-palenque.com\/SP\/wp-content\/uploads\/2015\/10\/Barre.png?resize=435%2C26\" alt=\"Barre\" width=\"435\" height=\"26\" data-recalc-dims=\"1\" \/><\/p>\n<p style=\"text-align: center;\"><span style=\"color: #ba924c;\"><strong>\u00c9COUTES<\/strong><\/span><\/p>\n<div class=\"page\" title=\"Page 1\">\n<div class=\"layoutArea\">\n<div class=\"column\">\n<div class=\"page\" title=\"Page 1\">\n<div class=\"layoutArea\">\n<div class=\"column\">\n<div class=\"page\" title=\"Page 1\">\n<div class=\"layoutArea\">\n<div class=\"column\">\n<p style=\"text-align: center;\"><span style=\"color: #e8e8e8;\">ATC SCM 45A<\/span><br \/>\n<span style=\"color: #e8e8e8;\"><span style=\"font-size: inherit;\">Focal SM9<br \/>\n<\/span><span style=\"font-size: inherit;\">AKG K 702<br \/>\n<\/span><span style=\"font-size: inherit;\">Sony MDR 7506<br \/>\n<\/span><span style=\"font-size: inherit;\">Beyerdynamic DT 770 (\u00c5~4)<br \/>\n<\/span><span style=\"font-size: inherit;\">HK Elias<\/span><\/span><\/p>\n<\/div>\n<\/div>\n<\/div>\n<\/div>\n<\/div>\n<\/div>\n<\/div>\n<\/div>\n<\/div>\n<p><img data-attachment-id=\"24\" data-permalink=\"http:\/\/studio-palenque.com\/SP\/le-studio\/barre\/\" data-orig-file=\"https:\/\/i0.wp.com\/studio-palenque.com\/SP\/wp-content\/uploads\/2015\/10\/Barre.png?fit=435%2C26\" data-orig-size=\"435,26\" data-comments-opened=\"1\" data-image-meta=\"{&quot;aperture&quot;:&quot;0&quot;,&quot;credit&quot;:&quot;&quot;,&quot;camera&quot;:&quot;&quot;,&quot;caption&quot;:&quot;&quot;,&quot;created_timestamp&quot;:&quot;0&quot;,&quot;copyright&quot;:&quot;&quot;,&quot;focal_length&quot;:&quot;0&quot;,&quot;iso&quot;:&quot;0&quot;,&quot;shutter_speed&quot;:&quot;0&quot;,&quot;title&quot;:&quot;&quot;,&quot;orientation&quot;:&quot;0&quot;}\" data-image-title=\"Barre\" data-image-description=\"\" data-image-caption=\"\" data-medium-file=\"https:\/\/i0.wp.com\/studio-palenque.com\/SP\/wp-content\/uploads\/2015\/10\/Barre.png?fit=435%2C26\" data-large-file=\"https:\/\/i0.wp.com\/studio-palenque.com\/SP\/wp-content\/uploads\/2015\/10\/Barre.png?fit=435%2C26\" decoding=\"async\" loading=\"lazy\" class=\"alignnone wp-image-24 size-full aligncenter\" src=\"https:\/\/i0.wp.com\/studio-palenque.com\/SP\/wp-content\/uploads\/2015\/10\/Barre.png?resize=435%2C26\" alt=\"Barre\" width=\"435\" height=\"26\" data-recalc-dims=\"1\" \/><\/p>\n<p style=\"text-align: center;\"><span style=\"color: #b9914c;\"><strong>INSTRUMENTS<\/strong><\/span><\/p>\n<div class=\"page\" title=\"Page 1\">\n<div class=\"layoutArea\">\n<div class=\"column\">\n<div class=\"page\" title=\"Page 1\">\n<div class=\"layoutArea\">\n<div class=\"column\">\n<p style=\"text-align: center;\"><span style=\"color: #e8e8e8;\">Clavier Ma\u00eetre Novation 49 SL MK2<\/span><br \/>\n<span style=\"color: #e8e8e8;\">Ableton Live 9, 10<\/span><br \/>\n<span style=\"color: #e8e8e8;\"><span style=\"font-size: inherit;\">Native Komplete 10, 11, 12<br \/>\n<\/span>Nexus, Sylenth, Serum&#8230;<\/span><\/p>\n<\/div>\n<\/div>\n<\/div>\n<\/div>\n<\/div>\n<\/div>\n<p style=\"text-align: center;\"><img data-attachment-id=\"24\" data-permalink=\"http:\/\/studio-palenque.com\/SP\/le-studio\/barre\/\" data-orig-file=\"https:\/\/i0.wp.com\/studio-palenque.com\/SP\/wp-content\/uploads\/2015\/10\/Barre.png?fit=435%2C26\" data-orig-size=\"435,26\" data-comments-opened=\"1\" data-image-meta=\"{&quot;aperture&quot;:&quot;0&quot;,&quot;credit&quot;:&quot;&quot;,&quot;camera&quot;:&quot;&quot;,&quot;caption&quot;:&quot;&quot;,&quot;created_timestamp&quot;:&quot;0&quot;,&quot;copyright&quot;:&quot;&quot;,&quot;focal_length&quot;:&quot;0&quot;,&quot;iso&quot;:&quot;0&quot;,&quot;shutter_speed&quot;:&quot;0&quot;,&quot;title&quot;:&quot;&quot;,&quot;orientation&quot;:&quot;0&quot;}\" data-image-title=\"Barre\" data-image-description=\"\" data-image-caption=\"\" data-medium-file=\"https:\/\/i0.wp.com\/studio-palenque.com\/SP\/wp-content\/uploads\/2015\/10\/Barre.png?fit=435%2C26\" data-large-file=\"https:\/\/i0.wp.com\/studio-palenque.com\/SP\/wp-content\/uploads\/2015\/10\/Barre.png?fit=435%2C26\" decoding=\"async\" loading=\"lazy\" class=\"alignnone wp-image-24 size-full\" src=\"https:\/\/i0.wp.com\/studio-palenque.com\/SP\/wp-content\/uploads\/2015\/10\/Barre.png?resize=435%2C26\" alt=\"Barre\" width=\"435\" height=\"26\" data-recalc-dims=\"1\" \/><\/p>\n<p style=\"text-align: center;\"><span style=\"color: #b9914c;\"><b>PLUGINS<\/b><\/span><\/p>\n<div class=\"page\" title=\"Page 2\">\n<div class=\"layoutArea\">\n<div class=\"column\">\n<p style=\"text-align: center;\"><span style=\"color: #e8e8e8;\">UAD Ultimate<\/span><br \/>\n<span style=\"color: #e8e8e8;\"><span style=\"font-size: inherit;\">Waves<br \/>\n<\/span><span style=\"font-size: inherit;\">Plugin Alliance<br \/>\n<\/span><span style=\"font-size: inherit;\">IZotope<br \/>\n<\/span><span style=\"font-size: inherit;\">Softube<br \/>\n<\/span><span style=\"font-size: inherit;\">Soundtoys<br \/>\n<\/span><span style=\"font-size: inherit;\">Antares (Auto-tune)&#8230;<\/span><\/span><\/p>\n<\/div>\n<\/div>\n<\/div>\n<p style=\"text-align: center;\"><img data-attachment-id=\"24\" data-permalink=\"http:\/\/studio-palenque.com\/SP\/le-studio\/barre\/\" data-orig-file=\"https:\/\/i0.wp.com\/studio-palenque.com\/SP\/wp-content\/uploads\/2015\/10\/Barre.png?fit=435%2C26\" data-orig-size=\"435,26\" data-comments-opened=\"1\" data-image-meta=\"{&quot;aperture&quot;:&quot;0&quot;,&quot;credit&quot;:&quot;&quot;,&quot;camera&quot;:&quot;&quot;,&quot;caption&quot;:&quot;&quot;,&quot;created_timestamp&quot;:&quot;0&quot;,&quot;copyright&quot;:&quot;&quot;,&quot;focal_length&quot;:&quot;0&quot;,&quot;iso&quot;:&quot;0&quot;,&quot;shutter_speed&quot;:&quot;0&quot;,&quot;title&quot;:&quot;&quot;,&quot;orientation&quot;:&quot;0&quot;}\" data-image-title=\"Barre\" data-image-description=\"\" data-image-caption=\"\" data-medium-file=\"https:\/\/i0.wp.com\/studio-palenque.com\/SP\/wp-content\/uploads\/2015\/10\/Barre.png?fit=435%2C26\" data-large-file=\"https:\/\/i0.wp.com\/studio-palenque.com\/SP\/wp-content\/uploads\/2015\/10\/Barre.png?fit=435%2C26\" decoding=\"async\" loading=\"lazy\" class=\"alignnone wp-image-24 size-full\" src=\"https:\/\/i0.wp.com\/studio-palenque.com\/SP\/wp-content\/uploads\/2015\/10\/Barre.png?resize=435%2C26\" alt=\"Barre\" width=\"435\" height=\"26\" data-recalc-dims=\"1\" \/><\/p>\n<p style=\"text-align: center;\"><span style=\"color: #b9914c;\"><b>CONNECTIQUE<\/b><\/span><\/p>\n<div class=\"page\" title=\"Page 2\">\n<div class=\"layoutArea\">\n<div class=\"column\">\n<p style=\"text-align: center;\"><span style=\"color: #e8e8e8;\">Vovox \/ Grimm \/ Sommer Cable \/ Neutrik<\/span><\/p>\n<\/div>\n<\/div>\n<\/div>\n<p style=\"text-align: center;\"><img data-attachment-id=\"24\" data-permalink=\"http:\/\/studio-palenque.com\/SP\/le-studio\/barre\/\" data-orig-file=\"https:\/\/i0.wp.com\/studio-palenque.com\/SP\/wp-content\/uploads\/2015\/10\/Barre.png?fit=435%2C26\" data-orig-size=\"435,26\" data-comments-opened=\"1\" data-image-meta=\"{&quot;aperture&quot;:&quot;0&quot;,&quot;credit&quot;:&quot;&quot;,&quot;camera&quot;:&quot;&quot;,&quot;caption&quot;:&quot;&quot;,&quot;created_timestamp&quot;:&quot;0&quot;,&quot;copyright&quot;:&quot;&quot;,&quot;focal_length&quot;:&quot;0&quot;,&quot;iso&quot;:&quot;0&quot;,&quot;shutter_speed&quot;:&quot;0&quot;,&quot;title&quot;:&quot;&quot;,&quot;orientation&quot;:&quot;0&quot;}\" data-image-title=\"Barre\" data-image-description=\"\" data-image-caption=\"\" data-medium-file=\"https:\/\/i0.wp.com\/studio-palenque.com\/SP\/wp-content\/uploads\/2015\/10\/Barre.png?fit=435%2C26\" data-large-file=\"https:\/\/i0.wp.com\/studio-palenque.com\/SP\/wp-content\/uploads\/2015\/10\/Barre.png?fit=435%2C26\" decoding=\"async\" loading=\"lazy\" class=\"alignnone wp-image-24 size-full\" src=\"https:\/\/i0.wp.com\/studio-palenque.com\/SP\/wp-content\/uploads\/2015\/10\/Barre.png?resize=435%2C26\" alt=\"Barre\" width=\"435\" height=\"26\" data-recalc-dims=\"1\" \/><\/p>\n<p style=\"text-align: center;\"><span style=\"color: #b9914c;\"><b>DIVERS<br \/>\n<\/b><\/span><\/p>\n<p style=\"text-align: center;\"><span style=\"color: #e8e8e8;\">Parking, climatisation, wi-Fi, cafeti\u00e8re<\/span><\/p>\n","protected":false},"excerpt":{"rendered":"<p>ENREGISTREMENT \/ MIXAGE Pro Tools 12 Universal Audio Apollo x16 Universal Audio Apollo x6 Digidesign Control 24 Apple iMac i9 Dangerous Music 2 Bus LT PREAMPS \/ MICRO Universal Audio &#8230;<\/p>\n","protected":false},"author":1,"featured_media":0,"parent":0,"menu_order":0,"comment_status":"closed","ping_status":"closed","template":"","meta":{"jetpack_post_was_ever_published":false,"_vp_format_video_url":"","_vp_image_focal_point":[]},"jetpack_sharing_enabled":true,"jetpack_shortlink":"https:\/\/wp.me\/P6T7KL-5","jetpack-related-posts":[{"id":7,"url":"http:\/\/studio-palenque.com\/SP\/references\/","url_meta":{"origin":5,"position":0},"title":"R\u00e9f\u00e9rences","date":"24 octobre 2015","format":false,"excerpt":"ARTISTES Les Envahysseurs - Le Rat Luciano - Da Uzi - Aar\u00f4ne Mylane - Yasmine Ammari - Kery James - Tracy - Said (lam) -\u00a0Keblack - Jok'air - Sultan - Hooss - MOH - Says'z - Dibson - Elams - TK -\u00a0Boss One (3\u00b00eil) -\u00a0Kemmler - Malty 2BZ - Chris\u2026","rel":"","context":"Article similaire","img":{"alt_text":"","src":"","width":0,"height":0},"classes":[]}],"_links":{"self":[{"href":"http:\/\/studio-palenque.com\/SP\/wp-json\/wp\/v2\/pages\/5"}],"collection":[{"href":"http:\/\/studio-palenque.com\/SP\/wp-json\/wp\/v2\/pages"}],"about":[{"href":"http:\/\/studio-palenque.com\/SP\/wp-json\/wp\/v2\/types\/page"}],"author":[{"embeddable":true,"href":"http:\/\/studio-palenque.com\/SP\/wp-json\/wp\/v2\/users\/1"}],"replies":[{"embeddable":true,"href":"http:\/\/studio-palenque.com\/SP\/wp-json\/wp\/v2\/comments?post=5"}],"version-history":[{"count":22,"href":"http:\/\/studio-palenque.com\/SP\/wp-json\/wp\/v2\/pages\/5\/revisions"}],"predecessor-version":[{"id":413,"href":"http:\/\/studio-palenque.com\/SP\/wp-json\/wp\/v2\/pages\/5\/revisions\/413"}],"wp:attachment":[{"href":"http:\/\/studio-palenque.com\/SP\/wp-json\/wp\/v2\/media?parent=5"}],"curies":[{"name":"wp","href":"https:\/\/api.w.org\/{rel}","templated":true}]}}